{"id":11371,"date":"2021-12-09T20:11:23","date_gmt":"2021-12-09T18:11:23","guid":{"rendered":"https:\/\/royalsunhotel.com\/?page_id=11371"},"modified":"2026-05-12T18:01:47","modified_gmt":"2026-05-12T15:01:47","slug":"offers","status":"publish","type":"page","link":"https:\/\/royalsunhotel.com\/de\/offers\/","title":{"rendered":"Offers"},"content":{"rendered":"\t\t<div data-elementor-type=\"wp-post\" data-elementor-id=\"11371\" class=\"elementor elementor-11371 elementor-7365\" data-elementor-settings=\"[]\">\n\t\t\t\t\t\t<div class=\"elementor-inner\">\n\t\t\t\t\t\t\t<div class=\"elementor-section-wrap\">\n\t\t\t\t\t\t\t<section class=\"elementor-section elementor-top-section elementor-element elementor-element-b9e7dee elementor-section-boxed elementor-section-height-default elementor-section-height-default\" data-id=\"b9e7dee\" data-element_type=\"section\">\n\t\t\t\t\t\t<div class=\"elementor-container elementor-column-gap-default\">\n\t\t\t\t\t\t\t<div class=\"elementor-row\">\n\t\t\t\t\t<div class=\"elementor-column elementor-col-100 elementor-top-column elementor-element elementor-element-5a596c0\" data-id=\"5a596c0\" data-element_type=\"column\" data-settings=\"{&quot;background_background&quot;:&quot;classic&quot;}\">\n\t\t\t<div class=\"elementor-column-wrap elementor-element-populated\">\n\t\t\t\t\t\t\t<div class=\"elementor-widget-wrap\">\n\t\t\t\t\t\t<div class=\"elementor-element elementor-element-31f6505 elementor-widget elementor-widget-image\" data-id=\"31f6505\" data-element_type=\"widget\" data-widget_type=\"image.default\">\n\t\t\t\t<div class=\"elementor-widget-container\">\n\t\t\t\t\t<div class=\"elementor-image\">\n\t\t\t\t\t\t\t\t\t\t<img width=\"1080\" height=\"1250\" src=\"https:\/\/royalsunhotel.com\/wp-content\/uploads\/2025\/09\/website-all-1.png\" class=\"attachment-full size-full\" alt=\"\" loading=\"lazy\" srcset=\"https:\/\/royalsunhotel.com\/wp-content\/uploads\/2025\/09\/website-all-1.png 1080w, https:\/\/royalsunhotel.com\/wp-content\/uploads\/2025\/09\/website-all-1-259x300.png 259w, https:\/\/royalsunhotel.com\/wp-content\/uploads\/2025\/09\/website-all-1-885x1024.png 885w, https:\/\/royalsunhotel.com\/wp-content\/uploads\/2025\/09\/website-all-1-768x889.png 768w\" sizes=\"(max-width: 1080px) 100vw, 1080px\" \/>\t\t\t\t\t\t\t\t\t\t\t<\/div>\n\t\t\t\t<\/div>\n\t\t\t\t<\/div>\n\t\t\t\t<div class=\"elementor-element elementor-element-db18437 elementor-widget elementor-widget-text-editor\" data-id=\"db18437\" data-element_type=\"widget\" data-widget_type=\"text-editor.default\">\n\t\t\t\t<div class=\"elementor-widget-container\">\n\t\t\t\t\t<div class=\"elementor-text-editor elementor-clearfix\"><h3>ALL IN 1 PACKET<\/h3><div class=\"txt_see_more\"><p>Keine Sorgen mehr f\u00fcr Ihren Urlaub. Wir haben alles f\u00fcr Sie in einem Paket:<\/p><ul><li>-10% Rabatt f\u00fcr Superior Doppelzimmer mit Meerblick.<\/li><li>Abholung vom internationalen Flughafen Chania bei An- und Abreise.<\/li><li>Mietwagen f\u00fcr Ihren gesamten Aufenthalt.<\/li><li>Organisierte Weinverkostungstouren zur Auswahl. (auf Anfrage)<\/li><li>Organisierte Reisepakete zur Auswahl. (auf Anfrage)<\/li><\/ul><p><br \/>Das Angebot gilt f\u00fcr min. 4 N\u00e4chte Aufenthalte und f\u00fcr direkte Reservierung von unserer Website.<\/p><\/div><\/div>\n\t\t\t\t<\/div>\n\t\t\t\t<\/div>\n\t\t\t\t<div class=\"elementor-element elementor-element-af749d9 elementor-align-center btn_see_more elementor-widget elementor-widget-button\" data-id=\"af749d9\" data-element_type=\"widget\" data-widget_type=\"button.default\">\n\t\t\t\t<div class=\"elementor-widget-container\">\n\t\t\t\t\t<div class=\"elementor-button-wrapper\">\n\t\t\t<a class=\"elementor-button elementor-size-sm\" role=\"button\" id=\"offers\">\n\t\t\t\t\t\t<span class=\"elementor-button-content-wrapper\">\n\t\t\t\t\t\t<span class=\"elementor-button-text\">Mehr Sehen<\/span>\n\t\t<\/span>\n\t\t\t\t\t<\/a>\n\t\t<\/div>\n\t\t\t\t<\/div>\n\t\t\t\t<\/div>\n\t\t\t\t<div class=\"elementor-element elementor-element-5248ee3 elementor-align-center elementor-widget elementor-widget-button\" data-id=\"5248ee3\" data-element_type=\"widget\" data-widget_type=\"button.default\">\n\t\t\t\t<div class=\"elementor-widget-container\">\n\t\t\t\t\t<div class=\"elementor-button-wrapper\">\n\t\t\t<a href=\"https:\/\/royalsunhotel.reserve-online.net\/offers\" class=\"elementor-button-link elementor-button elementor-size-sm\" role=\"button\" id=\"offers\">\n\t\t\t\t\t\t<span class=\"elementor-button-content-wrapper\">\n\t\t\t\t\t\t<span class=\"elementor-button-text\">Buchen Sie jetzt<\/span>\n\t\t<\/span>\n\t\t\t\t\t<\/a>\n\t\t<\/div>\n\t\t\t\t<\/div>\n\t\t\t\t<\/div>\n\t\t\t\t\t\t<\/div>\n\t\t\t\t\t<\/div>\n\t\t<\/div>\n\t\t\t\t\t\t\t\t<\/div>\n\t\t\t\t\t<\/div>\n\t\t<\/section>\n\t\t\t\t<section class=\"elementor-section elementor-top-section elementor-element elementor-element-011ea8d elementor-section-boxed elementor-section-height-default elementor-section-height-default\" data-id=\"011ea8d\" data-element_type=\"section\">\n\t\t\t\t\t\t<div class=\"elementor-container elementor-column-gap-default\">\n\t\t\t\t\t\t\t<div class=\"elementor-row\">\n\t\t\t\t\t<div class=\"elementor-column elementor-col-33 elementor-top-column elementor-element elementor-element-f231c6b\" data-id=\"f231c6b\" data-element_type=\"column\" data-settings=\"{&quot;background_background&quot;:&quot;classic&quot;}\">\n\t\t\t<div class=\"elementor-column-wrap elementor-element-populated\">\n\t\t\t\t\t\t\t<div class=\"elementor-widget-wrap\">\n\t\t\t\t\t\t<div class=\"elementor-element elementor-element-83159ba elementor-widget elementor-widget-image\" data-id=\"83159ba\" data-element_type=\"widget\" data-widget_type=\"image.default\">\n\t\t\t\t<div class=\"elementor-widget-container\">\n\t\t\t\t\t<div class=\"elementor-image\">\n\t\t\t\t\t\t\t\t\t\t<img width=\"1080\" height=\"1080\" src=\"https:\/\/royalsunhotel.com\/wp-content\/uploads\/2024\/03\/german.png\" class=\"attachment-full size-full\" alt=\"\" loading=\"lazy\" srcset=\"https:\/\/royalsunhotel.com\/wp-content\/uploads\/2024\/03\/german.png 1080w, https:\/\/royalsunhotel.com\/wp-content\/uploads\/2024\/03\/german-300x300.png 300w, https:\/\/royalsunhotel.com\/wp-content\/uploads\/2024\/03\/german-1024x1024.png 1024w, https:\/\/royalsunhotel.com\/wp-content\/uploads\/2024\/03\/german-150x150.png 150w, https:\/\/royalsunhotel.com\/wp-content\/uploads\/2024\/03\/german-768x768.png 768w, https:\/\/royalsunhotel.com\/wp-content\/uploads\/2024\/03\/german-400x400.png 400w\" sizes=\"(max-width: 1080px) 100vw, 1080px\" \/>\t\t\t\t\t\t\t\t\t\t\t<\/div>\n\t\t\t\t<\/div>\n\t\t\t\t<\/div>\n\t\t\t\t<div class=\"elementor-element elementor-element-af33cde elementor-widget elementor-widget-text-editor\" data-id=\"af33cde\" data-element_type=\"widget\" data-widget_type=\"text-editor.default\">\n\t\t\t\t<div class=\"elementor-widget-container\">\n\t\t\t\t\t<div class=\"elementor-text-editor elementor-clearfix\"><h3>MIETWAGEN<\/h3><div class=\"txt_see_more\"><p>Buchen Sie Ihren Mietwagen direkt bei uns und profitieren Sie von unserem Angebot: Pro 3 Miettage erhalten Sie einen weiteren Mietwagen gratis dazu!<\/p><p>Fragen Sie uns nach unseren exklusiven Preisen nur f\u00fcr G\u00e4ste des Royal Sun Hotels.<\/p><\/div><\/div>\n\t\t\t\t<\/div>\n\t\t\t\t<\/div>\n\t\t\t\t<div class=\"elementor-element elementor-element-1804964 elementor-align-center btn_see_more elementor-widget elementor-widget-button\" data-id=\"1804964\" data-element_type=\"widget\" data-widget_type=\"button.default\">\n\t\t\t\t<div class=\"elementor-widget-container\">\n\t\t\t\t\t<div class=\"elementor-button-wrapper\">\n\t\t\t<a class=\"elementor-button elementor-size-sm\" role=\"button\" id=\"offers\">\n\t\t\t\t\t\t<span class=\"elementor-button-content-wrapper\">\n\t\t\t\t\t\t<span class=\"elementor-button-text\">Mehr Sehen<\/span>\n\t\t<\/span>\n\t\t\t\t\t<\/a>\n\t\t<\/div>\n\t\t\t\t<\/div>\n\t\t\t\t<\/div>\n\t\t\t\t<div class=\"elementor-element elementor-element-529ffa1 elementor-align-center elementor-widget elementor-widget-button\" data-id=\"529ffa1\" data-element_type=\"widget\" data-widget_type=\"button.default\">\n\t\t\t\t<div class=\"elementor-widget-container\">\n\t\t\t\t\t<div class=\"elementor-button-wrapper\">\n\t\t\t<a href=\"https:\/\/royalsunhotel.reserve-online.net\/offers\" class=\"elementor-button-link elementor-button elementor-size-sm\" role=\"button\" id=\"offers\">\n\t\t\t\t\t\t<span class=\"elementor-button-content-wrapper\">\n\t\t\t\t\t\t<span class=\"elementor-button-text\">Buchen Sie jetzt<\/span>\n\t\t<\/span>\n\t\t\t\t\t<\/a>\n\t\t<\/div>\n\t\t\t\t<\/div>\n\t\t\t\t<\/div>\n\t\t\t\t\t\t<\/div>\n\t\t\t\t\t<\/div>\n\t\t<\/div>\n\t\t\t\t<div class=\"elementor-column elementor-col-33 elementor-top-column elementor-element elementor-element-7ffd04a\" data-id=\"7ffd04a\" data-element_type=\"column\" data-settings=\"{&quot;background_background&quot;:&quot;classic&quot;}\">\n\t\t\t<div class=\"elementor-column-wrap elementor-element-populated\">\n\t\t\t\t\t\t\t<div class=\"elementor-widget-wrap\">\n\t\t\t\t\t\t<div class=\"elementor-element elementor-element-373359b elementor-widget elementor-widget-image\" data-id=\"373359b\" data-element_type=\"widget\" data-widget_type=\"image.default\">\n\t\t\t\t<div class=\"elementor-widget-container\">\n\t\t\t\t\t<div class=\"elementor-image\">\n\t\t\t\t\t\t\t\t\t\t<img width=\"1080\" height=\"1080\" src=\"https:\/\/royalsunhotel.com\/wp-content\/uploads\/2026\/05\/\u0399NSTGARMWEBSITE-PACKET-5.png\" class=\"attachment-full size-full\" alt=\"\" loading=\"lazy\" srcset=\"https:\/\/royalsunhotel.com\/wp-content\/uploads\/2026\/05\/\u0399NSTGARMWEBSITE-PACKET-5.png 1080w, https:\/\/royalsunhotel.com\/wp-content\/uploads\/2026\/05\/\u0399NSTGARMWEBSITE-PACKET-5-300x300.png 300w, https:\/\/royalsunhotel.com\/wp-content\/uploads\/2026\/05\/\u0399NSTGARMWEBSITE-PACKET-5-1024x1024.png 1024w, https:\/\/royalsunhotel.com\/wp-content\/uploads\/2026\/05\/\u0399NSTGARMWEBSITE-PACKET-5-150x150.png 150w, https:\/\/royalsunhotel.com\/wp-content\/uploads\/2026\/05\/\u0399NSTGARMWEBSITE-PACKET-5-768x768.png 768w, https:\/\/royalsunhotel.com\/wp-content\/uploads\/2026\/05\/\u0399NSTGARMWEBSITE-PACKET-5-400x400.png 400w\" sizes=\"(max-width: 1080px) 100vw, 1080px\" \/>\t\t\t\t\t\t\t\t\t\t\t<\/div>\n\t\t\t\t<\/div>\n\t\t\t\t<\/div>\n\t\t\t\t<div class=\"elementor-element elementor-element-cdfeb8c elementor-widget elementor-widget-text-editor\" data-id=\"cdfeb8c\" data-element_type=\"widget\" data-widget_type=\"text-editor.default\">\n\t\t\t\t<div class=\"elementor-widget-container\">\n\t\t\t\t\t<div class=\"elementor-text-editor elementor-clearfix\"><h3><span class=\"a_GcMg font-feature-liga-off font-feature-clig-off font-feature-calt-off text-decoration-none text-strikethrough-none\">COOKING CLASS<\/span><\/h3><div class=\"txt_see_more\"><div class=\"text-base my-auto mx-auto [--thread-content-margin:var(--thread-content-margin-xs,calc(var(--spacing)*4))] @w-sm\/main:[--thread-content-margin:var(--thread-content-margin-sm,calc(var(--spacing)*6))] @w-lg\/main:[--thread-content-margin:var(--thread-content-margin-lg,calc(var(--spacing)*16))] px-(--thread-content-margin)\"><div class=\"[--thread-content-max-width:40rem] @w-lg\/main:[--thread-content-max-width:48rem] mx-auto max-w-(--thread-content-max-width) flex-1 group\/turn-messages focus-visible:outline-hidden relative flex w-full min-w-0 flex-col agent-turn\"><div class=\"flex max-w-full flex-col gap-4 grow\"><div class=\"min-h-8 text-message relative flex w-full flex-col items-end gap-2 text-start break-words whitespace-normal outline-none keyboard-focused:focus-ring [.text-message+&amp;]:mt-1\" dir=\"auto\" data-message-author-role=\"assistant\" data-message-id=\"74f9271e-5a5e-4cf6-8200-7dc3fece8e3b\" data-message-model-slug=\"gpt-5-5\"><div class=\"flex w-full flex-col gap-1 empty:hidden\"><div class=\"markdown prose dark:prose-invert wrap-break-word w-full light markdown-new-styling\"><p data-start=\"508\" data-end=\"692\">Genie\u00dfen Sie ein einzigartiges kulinarisches Erlebnis mit einem Private Chef, Kochtechniken, Oliven\u00f6lverkostung sowie einem Lunch mit Wine Pairing im Restaurant auf der obersten Etage.<\/p><p data-start=\"694\" data-end=\"871\">Jeden Dienstag und Donnerstag verf\u00fcgbar<br data-start=\"733\" data-end=\"736\" \/>Dauer: 2 Stunden<br data-start=\"752\" data-end=\"755\" \/>Ort: K\u00fcche im Top Floor<br data-start=\"778\" data-end=\"781\" \/>Preis: 65\u20ac pro Person | 45\u20ac pro Kind<br data-start=\"817\" data-end=\"820\" \/>F\u00fcr 2\u20136 Personen oder Familien\/Gruppen auf Anfrage.<\/p><p data-start=\"873\" data-end=\"943\" data-is-last-node=\"\" data-is-only-node=\"\">Reservierungen bitte mindestens 24 Stunden im Voraus an der Rezeption.<\/p><\/div><\/div><\/div><\/div><\/div><\/div><\/div><\/div>\n\t\t\t\t<\/div>\n\t\t\t\t<\/div>\n\t\t\t\t<div class=\"elementor-element elementor-element-6c4008a elementor-align-center btn_see_more elementor-widget elementor-widget-button\" data-id=\"6c4008a\" data-element_type=\"widget\" data-widget_type=\"button.default\">\n\t\t\t\t<div class=\"elementor-widget-container\">\n\t\t\t\t\t<div class=\"elementor-button-wrapper\">\n\t\t\t<a class=\"elementor-button elementor-size-sm\" role=\"button\" id=\"offers\">\n\t\t\t\t\t\t<span class=\"elementor-button-content-wrapper\">\n\t\t\t\t\t\t<span class=\"elementor-button-text\">Mehr Sehen<\/span>\n\t\t<\/span>\n\t\t\t\t\t<\/a>\n\t\t<\/div>\n\t\t\t\t<\/div>\n\t\t\t\t<\/div>\n\t\t\t\t\t\t<\/div>\n\t\t\t\t\t<\/div>\n\t\t<\/div>\n\t\t\t\t<div class=\"elementor-column elementor-col-33 elementor-top-column elementor-element elementor-element-e0d9be7\" data-id=\"e0d9be7\" data-element_type=\"column\" data-settings=\"{&quot;background_background&quot;:&quot;classic&quot;}\">\n\t\t\t<div class=\"elementor-column-wrap elementor-element-populated\">\n\t\t\t\t\t\t\t<div class=\"elementor-widget-wrap\">\n\t\t\t\t\t\t<div class=\"elementor-element elementor-element-b63649d elementor-widget elementor-widget-image\" data-id=\"b63649d\" data-element_type=\"widget\" data-widget_type=\"image.default\">\n\t\t\t\t<div class=\"elementor-widget-container\">\n\t\t\t\t\t<div class=\"elementor-image\">\n\t\t\t\t\t\t\t\t\t\t<img width=\"1080\" height=\"1080\" src=\"https:\/\/royalsunhotel.com\/wp-content\/uploads\/2026\/05\/f.png\" class=\"attachment-full size-full\" alt=\"\" loading=\"lazy\" srcset=\"https:\/\/royalsunhotel.com\/wp-content\/uploads\/2026\/05\/f.png 1080w, https:\/\/royalsunhotel.com\/wp-content\/uploads\/2026\/05\/f-300x300.png 300w, https:\/\/royalsunhotel.com\/wp-content\/uploads\/2026\/05\/f-1024x1024.png 1024w, https:\/\/royalsunhotel.com\/wp-content\/uploads\/2026\/05\/f-150x150.png 150w, https:\/\/royalsunhotel.com\/wp-content\/uploads\/2026\/05\/f-768x768.png 768w, https:\/\/royalsunhotel.com\/wp-content\/uploads\/2026\/05\/f-400x400.png 400w\" sizes=\"(max-width: 1080px) 100vw, 1080px\" \/>\t\t\t\t\t\t\t\t\t\t\t<\/div>\n\t\t\t\t<\/div>\n\t\t\t\t<\/div>\n\t\t\t\t<div class=\"elementor-element elementor-element-15627d0 elementor-widget elementor-widget-text-editor\" data-id=\"15627d0\" data-element_type=\"widget\" data-widget_type=\"text-editor.default\">\n\t\t\t\t<div class=\"elementor-widget-container\">\n\t\t\t\t\t<div class=\"elementor-text-editor elementor-clearfix\"><h3>WINE PICNIC BASKET<\/h3><div class=\"txt_see_more\"><p data-start=\"1006\" data-end=\"1199\">Suchen Sie nach einem romantischen und besonderen Erlebnis? Nehmen Sie Ihren Picknickkorb und w\u00e4hlen Sie Ihren Lieblingsplatz und die passende Uhrzeit f\u00fcr einen unvergesslichen Moment zu zweit.<\/p><p data-start=\"1201\" data-end=\"1374\">Der Korb beinhaltet lokalen kretischen Wein (wei\u00df oder rot), eine Auswahl an Aufschnitt und regionalem K\u00e4se, verschiedene Brotsorten sowie traditionelle s\u00fc\u00dfe K\u00f6stlichkeiten.<\/p><p data-start=\"1376\" data-end=\"1443\">Preis: 30\u20ac pro Korb f\u00fcr 2 Personen<br data-start=\"1410\" data-end=\"1413\" \/>T\u00e4glich auf Anfrage verf\u00fcgbar.<\/p><p data-start=\"1445\" data-end=\"1527\" data-is-last-node=\"\" data-is-only-node=\"\">Bitte reservieren Sie Ihren Korb mindestens 24 Stunden im Voraus an der Rezeption.<\/p><\/div><\/div>\n\t\t\t\t<\/div>\n\t\t\t\t<\/div>\n\t\t\t\t<div class=\"elementor-element elementor-element-96ea46d elementor-align-center btn_see_more elementor-widget elementor-widget-button\" data-id=\"96ea46d\" data-element_type=\"widget\" data-widget_type=\"button.default\">\n\t\t\t\t<div class=\"elementor-widget-container\">\n\t\t\t\t\t<div class=\"elementor-button-wrapper\">\n\t\t\t<a class=\"elementor-button elementor-size-sm\" role=\"button\" id=\"offers\">\n\t\t\t\t\t\t<span class=\"elementor-button-content-wrapper\">\n\t\t\t\t\t\t<span class=\"elementor-button-text\">Mehr Sehen<\/span>\n\t\t<\/span>\n\t\t\t\t\t<\/a>\n\t\t<\/div>\n\t\t\t\t<\/div>\n\t\t\t\t<\/div>\n\t\t\t\t\t\t<\/div>\n\t\t\t\t\t<\/div>\n\t\t<\/div>\n\t\t\t\t\t\t\t\t<\/div>\n\t\t\t\t\t<\/div>\n\t\t<\/section>\n\t\t\t\t\t\t<\/div>\n\t\t\t\t\t\t<\/div>\n\t\t\t\t\t<\/div>\n\t\t","protected":false},"excerpt":{"rendered":"<p>ALL IN 1 PACKET Keine Sorgen mehr f\u00fcr Ihren Urlaub. Wir haben alles f\u00fcr Sie in einem Paket: -10% Rabatt f\u00fcr Superior Doppelzimmer mit Meerblick. Abholung vom internationalen Flughafen Chania bei An- und Abreise. Mietwagen f\u00fcr Ihren gesamten Aufenthalt. Organisierte Weinverkostungstouren zur Auswahl. (auf Anfrage) Organisierte Reisepakete zur Auswahl. (auf Anfrage) Das Angebot gilt f\u00fcr&#8230; <\/p>\n<div class=\"clear\"><\/div>\n<p><a href=\"https:\/\/royalsunhotel.com\/de\/offers\/\" class=\"excerpt-read-more\">Continue Reading<i class=\"fa fa-long-arrow-right icon-long-arrow-right\"><\/i><\/a><\/p>\n","protected":false},"author":4,"featured_media":10493,"parent":0,"menu_order":0,"comment_status":"closed","ping_status":"closed","template":"","meta":{"om_disable_all_campaigns":false,"_monsterinsights_skip_tracking":false,"_monsterinsights_sitenote_active":false,"_monsterinsights_sitenote_note":"","_monsterinsights_sitenote_category":0},"aioseo_notices":[],"_links":{"self":[{"href":"https:\/\/royalsunhotel.com\/de\/wp-json\/wp\/v2\/pages\/11371"}],"collection":[{"href":"https:\/\/royalsunhotel.com\/de\/wp-json\/wp\/v2\/pages"}],"about":[{"href":"https:\/\/royalsunhotel.com\/de\/wp-json\/wp\/v2\/types\/page"}],"author":[{"embeddable":true,"href":"https:\/\/royalsunhotel.com\/de\/wp-json\/wp\/v2\/users\/4"}],"replies":[{"embeddable":true,"href":"https:\/\/royalsunhotel.com\/de\/wp-json\/wp\/v2\/comments?post=11371"}],"version-history":[{"count":10,"href":"https:\/\/royalsunhotel.com\/de\/wp-json\/wp\/v2\/pages\/11371\/revisions"}],"predecessor-version":[{"id":15758,"href":"https:\/\/royalsunhotel.com\/de\/wp-json\/wp\/v2\/pages\/11371\/revisions\/15758"}],"wp:featuredmedia":[{"embeddable":true,"href":"https:\/\/royalsunhotel.com\/de\/wp-json\/wp\/v2\/media\/10493"}],"wp:attachment":[{"href":"https:\/\/royalsunhotel.com\/de\/wp-json\/wp\/v2\/media?parent=11371"}],"curies":[{"name":"wp","href":"https:\/\/api.w.org\/{rel}","templated":true}]}}