{"id":10592,"date":"2021-12-09T13:35:43","date_gmt":"2021-12-09T11:35:43","guid":{"rendered":"https:\/\/royalsunhotel.com\/?page_id=10592"},"modified":"2025-10-09T19:08:46","modified_gmt":"2025-10-09T16:08:46","slug":"about","status":"publish","type":"page","link":"https:\/\/royalsunhotel.com\/de\/about\/","title":{"rendered":"About"},"content":{"rendered":"\t\t<div data-elementor-type=\"wp-post\" data-elementor-id=\"10592\" class=\"elementor elementor-10592 elementor-1122\" data-elementor-settings=\"[]\">\n\t\t\t\t\t\t<div class=\"elementor-inner\">\n\t\t\t\t\t\t\t<div class=\"elementor-section-wrap\">\n\t\t\t\t\t\t\t<section class=\"elementor-section elementor-top-section elementor-element elementor-element-b9e7dee elementor-section-boxed elementor-section-height-default elementor-section-height-default\" data-id=\"b9e7dee\" data-element_type=\"section\">\n\t\t\t\t\t\t<div class=\"elementor-container elementor-column-gap-default\">\n\t\t\t\t\t\t\t<div class=\"elementor-row\">\n\t\t\t\t\t<div class=\"elementor-column elementor-col-33 elementor-top-column elementor-element elementor-element-15ab654\" data-id=\"15ab654\" data-element_type=\"column\">\n\t\t\t<div class=\"elementor-column-wrap elementor-element-populated\">\n\t\t\t\t\t\t\t<div class=\"elementor-widget-wrap\">\n\t\t\t\t\t\t<div class=\"elementor-element elementor-element-a552691 elementor-widget elementor-widget-image\" data-id=\"a552691\" data-element_type=\"widget\" data-widget_type=\"image.default\">\n\t\t\t\t<div class=\"elementor-widget-container\">\n\t\t\t\t\t<div class=\"elementor-image\">\n\t\t\t\t\t\t\t\t\t\t<img src=\"https:\/\/royalsunhotel.com\/wp-content\/uploads\/elementor\/thumbs\/earth-p1larabsl0sp3m0xtxmm2ozs86fy3di7ur7hallsvo.png\" title=\"earth\" alt=\"earth\" \/>\t\t\t\t\t\t\t\t\t\t\t<\/div>\n\t\t\t\t<\/div>\n\t\t\t\t<\/div>\n\t\t\t\t<div class=\"elementor-element elementor-element-ec6e247 elementor-widget elementor-widget-heading\" data-id=\"ec6e247\" data-element_type=\"widget\" data-widget_type=\"heading.default\">\n\t\t\t\t<div class=\"elementor-widget-container\">\n\t\t\t<h2 class=\"elementor-heading-title elementor-size-default\">Beste Aussicht in Chania<\/h2>\t\t<\/div>\n\t\t\t\t<\/div>\n\t\t\t\t<div class=\"elementor-element elementor-element-c2236bd elementor-widget elementor-widget-text-editor\" data-id=\"c2236bd\" data-element_type=\"widget\" data-widget_type=\"text-editor.default\">\n\t\t\t\t<div class=\"elementor-widget-container\">\n\t\t\t\t\t<div class=\"elementor-text-editor elementor-clearfix\"><p><span style=\"font-weight: 400;\">Entspannen Sie sich und genie\u00dfen Sie den besten Panoramablick auf Chania und das endlose blaue Meer.<\/span><\/p><\/div>\n\t\t\t\t<\/div>\n\t\t\t\t<\/div>\n\t\t\t\t\t\t<\/div>\n\t\t\t\t\t<\/div>\n\t\t<\/div>\n\t\t\t\t<div class=\"elementor-column elementor-col-33 elementor-top-column elementor-element elementor-element-3d19104\" data-id=\"3d19104\" data-element_type=\"column\">\n\t\t\t<div class=\"elementor-column-wrap elementor-element-populated\">\n\t\t\t\t\t\t\t<div class=\"elementor-widget-wrap\">\n\t\t\t\t\t\t<div class=\"elementor-element elementor-element-3f9c83f elementor-widget elementor-widget-image\" data-id=\"3f9c83f\" data-element_type=\"widget\" data-widget_type=\"image.default\">\n\t\t\t\t<div class=\"elementor-widget-container\">\n\t\t\t\t\t<div class=\"elementor-image\">\n\t\t\t\t\t\t\t\t\t\t<img width=\"35\" height=\"59\" src=\"https:\/\/royalsunhotel.com\/wp-content\/uploads\/2019\/09\/about-icon-2.png\" class=\"attachment-large size-large\" alt=\"\" loading=\"lazy\" \/>\t\t\t\t\t\t\t\t\t\t\t<\/div>\n\t\t\t\t<\/div>\n\t\t\t\t<\/div>\n\t\t\t\t<div class=\"elementor-element elementor-element-5cf7a6e elementor-widget elementor-widget-heading\" data-id=\"5cf7a6e\" data-element_type=\"widget\" data-widget_type=\"heading.default\">\n\t\t\t\t<div class=\"elementor-widget-container\">\n\t\t\t<h2 class=\"elementor-heading-title elementor-size-default\">Top Level Service\n<\/h2>\t\t<\/div>\n\t\t\t\t<\/div>\n\t\t\t\t<div class=\"elementor-element elementor-element-1c7b045 elementor-widget elementor-widget-text-editor\" data-id=\"1c7b045\" data-element_type=\"widget\" data-widget_type=\"text-editor.default\">\n\t\t\t\t<div class=\"elementor-widget-container\">\n\t\t\t\t\t<div class=\"elementor-text-editor elementor-clearfix\"><p><span style=\"font-weight: 400;\">Wir sind bekannt f\u00fcr die griechische Gastfreundschaft, aber hier im Royal Sun behandeln wir unsere G\u00e4ste wie eine Familie.<\/span><\/p><\/div>\n\t\t\t\t<\/div>\n\t\t\t\t<\/div>\n\t\t\t\t\t\t<\/div>\n\t\t\t\t\t<\/div>\n\t\t<\/div>\n\t\t\t\t<div class=\"elementor-column elementor-col-33 elementor-top-column elementor-element elementor-element-7321ad9\" data-id=\"7321ad9\" data-element_type=\"column\">\n\t\t\t<div class=\"elementor-column-wrap elementor-element-populated\">\n\t\t\t\t\t\t\t<div class=\"elementor-widget-wrap\">\n\t\t\t\t\t\t<div class=\"elementor-element elementor-element-ba7e676 elementor-widget elementor-widget-image\" data-id=\"ba7e676\" data-element_type=\"widget\" data-widget_type=\"image.default\">\n\t\t\t\t<div class=\"elementor-widget-container\">\n\t\t\t\t\t<div class=\"elementor-image\">\n\t\t\t\t\t\t\t\t\t\t<img src=\"https:\/\/royalsunhotel.com\/wp-content\/uploads\/elementor\/thumbs\/location-p1larb9mrutzf7zkog18n6r8tkbbb2ly6vuyrvkepg.png\" title=\"location\" alt=\"location\" \/>\t\t\t\t\t\t\t\t\t\t\t<\/div>\n\t\t\t\t<\/div>\n\t\t\t\t<\/div>\n\t\t\t\t<div class=\"elementor-element elementor-element-0b3bc68 elementor-widget elementor-widget-heading\" data-id=\"0b3bc68\" data-element_type=\"widget\" data-widget_type=\"heading.default\">\n\t\t\t\t<div class=\"elementor-widget-container\">\n\t\t\t<h2 class=\"elementor-heading-title elementor-size-default\">Location<\/h2>\t\t<\/div>\n\t\t\t\t<\/div>\n\t\t\t\t<div class=\"elementor-element elementor-element-c5ea6a0 elementor-widget elementor-widget-text-editor\" data-id=\"c5ea6a0\" data-element_type=\"widget\" data-widget_type=\"text-editor.default\">\n\t\t\t\t<div class=\"elementor-widget-container\">\n\t\t\t\t\t<div class=\"elementor-text-editor elementor-clearfix\"><p><span style=\"font-weight: 400;\">Nur 7&#8242; Minuten vom Stadtzentrum ohne kostenlosen Shuttlebus und 10&#8242; Minuten vom internationalen Flughafen Chania entfernt.<\/span><\/p><\/div>\n\t\t\t\t<\/div>\n\t\t\t\t<\/div>\n\t\t\t\t\t\t<\/div>\n\t\t\t\t\t<\/div>\n\t\t<\/div>\n\t\t\t\t\t\t\t\t<\/div>\n\t\t\t\t\t<\/div>\n\t\t<\/section>\n\t\t\t\t<section class=\"elementor-section elementor-top-section elementor-element elementor-element-05a3b27 elementor-section-stretched elementor-section-content-middle elementor-reverse-tablet elementor-reverse-mobile elementor-section-boxed elementor-section-height-default elementor-section-height-default\" data-id=\"05a3b27\" data-element_type=\"section\" data-settings=\"{&quot;stretch_section&quot;:&quot;section-stretched&quot;,&quot;background_background&quot;:&quot;classic&quot;}\">\n\t\t\t\t\t\t<div class=\"elementor-container elementor-column-gap-no\">\n\t\t\t\t\t\t\t<div class=\"elementor-row\">\n\t\t\t\t\t<div class=\"elementor-column elementor-col-50 elementor-top-column elementor-element elementor-element-e0b980a\" data-id=\"e0b980a\" data-element_type=\"column\" data-settings=\"{&quot;background_background&quot;:&quot;classic&quot;}\">\n\t\t\t<div class=\"elementor-column-wrap elementor-element-populated\">\n\t\t\t\t\t\t\t<div class=\"elementor-widget-wrap\">\n\t\t\t\t\t\t<div class=\"elementor-element elementor-element-a36c997 elementor-widget elementor-widget-heading\" data-id=\"a36c997\" data-element_type=\"widget\" data-widget_type=\"heading.default\">\n\t\t\t\t<div class=\"elementor-widget-container\">\n\t\t\t<h2 class=\"elementor-heading-title elementor-size-default\">UNSERE GESCHICHTE<\/h2>\t\t<\/div>\n\t\t\t\t<\/div>\n\t\t\t\t<div class=\"elementor-element elementor-element-27c3ba5 elementor-widget-divider--view-line elementor-widget elementor-widget-divider\" data-id=\"27c3ba5\" data-element_type=\"widget\" data-widget_type=\"divider.default\">\n\t\t\t\t<div class=\"elementor-widget-container\">\n\t\t\t\t\t<div class=\"elementor-divider\">\n\t\t\t<span class=\"elementor-divider-separator\">\n\t\t\t\t\t\t<\/span>\n\t\t<\/div>\n\t\t\t\t<\/div>\n\t\t\t\t<\/div>\n\t\t\t\t<div class=\"elementor-element elementor-element-47a039d elementor-widget elementor-widget-text-editor\" data-id=\"47a039d\" data-element_type=\"widget\" data-widget_type=\"text-editor.default\">\n\t\t\t\t<div class=\"elementor-widget-container\">\n\t\t\t\t\t<div class=\"elementor-text-editor elementor-clearfix\"><p>Das Royal Sun Hotel wurde erstmals 1990 von der Familie Archakis gegr\u00fcndet und 2013 mit der Erweiterung des neuen Westfl\u00fcgels renoviert. Die letzte Renovierung im Jahr 2022 umfasste das Restaurant und den Fr\u00fchst\u00fccksbuffetbereich auf der obersten Etage mit einem brandneuen Raum, der sich auch ideal f\u00fcr Veranstaltungen und Konferenzen eignet.<\/p><p>Der historische Anblick des Hotels war seit den 80er Jahren eine Vision des Gr\u00fcnders Konstantinos Archakis. Der Name \u201eRoyal Sun\u201c wurde speziell wegen der herrlichen Aussicht auf den Sonnenuntergang gew\u00e4hlt, die man von der einzigartigen H\u00f6he und Lage aus genie\u00dfen kann.<\/p><p>Royal Sun erm\u00f6glicht es jedem Gast, gleichzeitig eine anspruchsvolle und famili\u00e4re Atmosph\u00e4re zu erleben, was letztendlich f\u00fcr jeden ein einzigartiges Erlebnis schafft.<\/p><\/div>\n\t\t\t\t<\/div>\n\t\t\t\t<\/div>\n\t\t\t\t\t\t<\/div>\n\t\t\t\t\t<\/div>\n\t\t<\/div>\n\t\t\t\t<div class=\"elementor-column elementor-col-50 elementor-top-column elementor-element elementor-element-e3ac3fa\" data-id=\"e3ac3fa\" data-element_type=\"column\" data-settings=\"{&quot;background_background&quot;:&quot;classic&quot;}\">\n\t\t\t<div class=\"elementor-column-wrap elementor-element-populated\">\n\t\t\t\t\t\t\t<div class=\"elementor-widget-wrap\">\n\t\t\t\t\t\t<div class=\"elementor-element elementor-element-aa35fed elementor-widget elementor-widget-image\" data-id=\"aa35fed\" data-element_type=\"widget\" data-widget_type=\"image.default\">\n\t\t\t\t<div class=\"elementor-widget-container\">\n\t\t\t\t\t<div class=\"elementor-image\">\n\t\t\t\t\t\t\t\t\t\t<img width=\"960\" height=\"960\" src=\"https:\/\/royalsunhotel.com\/wp-content\/uploads\/2025\/01\/42-1024x1024.png\" class=\"attachment-large size-large\" alt=\"\" loading=\"lazy\" srcset=\"https:\/\/royalsunhotel.com\/wp-content\/uploads\/2025\/01\/42-1024x1024.png 1024w, https:\/\/royalsunhotel.com\/wp-content\/uploads\/2025\/01\/42-300x300.png 300w, https:\/\/royalsunhotel.com\/wp-content\/uploads\/2025\/01\/42-150x150.png 150w, https:\/\/royalsunhotel.com\/wp-content\/uploads\/2025\/01\/42-768x768.png 768w, https:\/\/royalsunhotel.com\/wp-content\/uploads\/2025\/01\/42-400x400.png 400w, https:\/\/royalsunhotel.com\/wp-content\/uploads\/2025\/01\/42.png 1080w\" sizes=\"(max-width: 960px) 100vw, 960px\" \/>\t\t\t\t\t\t\t\t\t\t\t<\/div>\n\t\t\t\t<\/div>\n\t\t\t\t<\/div>\n\t\t\t\t\t\t<\/div>\n\t\t\t\t\t<\/div>\n\t\t<\/div>\n\t\t\t\t\t\t\t\t<\/div>\n\t\t\t\t\t<\/div>\n\t\t<\/section>\n\t\t\t\t<section class=\"elementor-section elementor-top-section elementor-element elementor-element-62f2bf0 elementor-section-stretched elementor-section-boxed elementor-section-height-default elementor-section-height-default\" data-id=\"62f2bf0\" data-element_type=\"section\" data-settings=\"{&quot;stretch_section&quot;:&quot;section-stretched&quot;,&quot;background_background&quot;:&quot;classic&quot;}\">\n\t\t\t\t\t\t\t<div class=\"elementor-background-overlay\"><\/div>\n\t\t\t\t\t\t\t<div class=\"elementor-container elementor-column-gap-default\">\n\t\t\t\t\t\t\t<div class=\"elementor-row\">\n\t\t\t\t\t<div class=\"elementor-column elementor-col-100 elementor-top-column elementor-element elementor-element-8b7222c\" data-id=\"8b7222c\" data-element_type=\"column\">\n\t\t\t<div class=\"elementor-column-wrap elementor-element-populated\">\n\t\t\t\t\t\t\t<div class=\"elementor-widget-wrap\">\n\t\t\t\t\t\t<div class=\"elementor-element elementor-element-af9bd97 elementor-aspect-ratio-169 elementor-widget elementor-widget-video\" data-id=\"af9bd97\" data-element_type=\"widget\" data-settings=\"{&quot;youtube_url&quot;:&quot;https:\\\/\\\/www.youtube.com\\\/watch?v=vIygVIHKMqQ&quot;,&quot;show_image_overlay&quot;:&quot;yes&quot;,&quot;image_overlay&quot;:{&quot;url&quot;:&quot;https:\\\/\\\/demo.goodlayers.com\\\/hotelmaster\\\/main4\\\/wp-content\\\/uploads\\\/sites\\\/4\\\/2019\\\/07\\\/play-button.png&quot;,&quot;id&quot;:4283},&quot;lightbox&quot;:&quot;yes&quot;,&quot;loop&quot;:&quot;yes&quot;,&quot;video_type&quot;:&quot;youtube&quot;,&quot;controls&quot;:&quot;yes&quot;,&quot;aspect_ratio&quot;:&quot;169&quot;}\" data-widget_type=\"video.default\">\n\t\t\t\t<div class=\"elementor-widget-container\">\n\t\t\t\t\t<div class=\"elementor-wrapper elementor-open-lightbox\">\n\t\t\t\t\t\t\t<div class=\"elementor-custom-embed-image-overlay\" data-elementor-open-lightbox=\"yes\" data-elementor-lightbox=\"{&quot;type&quot;:&quot;video&quot;,&quot;videoType&quot;:&quot;youtube&quot;,&quot;url&quot;:&quot;https:\\\/\\\/www.youtube.com\\\/embed\\\/vIygVIHKMqQ?feature=oembed&amp;playlist=vIygVIHKMqQ&amp;start&amp;end&amp;wmode=opaque&amp;loop=1&amp;controls=1&amp;mute=0&amp;rel=0&amp;modestbranding=0&quot;,&quot;modalOptions&quot;:{&quot;id&quot;:&quot;elementor-lightbox-af9bd97&quot;,&quot;entranceAnimation&quot;:&quot;&quot;,&quot;entranceAnimation_tablet&quot;:&quot;&quot;,&quot;entranceAnimation_mobile&quot;:&quot;&quot;,&quot;videoAspectRatio&quot;:&quot;169&quot;}}\">\n\t\t\t\t\t\t\t\t\t\t\t<img src=\"https:\/\/royalsunhotel.com\/wp-content\/uploads\/elementor\/thumbs\/play-button-or3jnjhslfc8tlb21z2czimlyfysr6taskn2fbmnvc.png\" title=\"play-button\" alt=\"play-button\" \/>\t\t\t\t\t\t\t\t\t\t\t\t\t\t<\/div>\n\t\t\t\t\t<\/div>\n\t\t\t\t<\/div>\n\t\t\t\t<\/div>\n\t\t\t\t<div class=\"elementor-element elementor-element-8277bc8 elementor-widget elementor-widget-heading\" data-id=\"8277bc8\" data-element_type=\"widget\" data-widget_type=\"heading.default\">\n\t\t\t\t<div class=\"elementor-widget-container\">\n\t\t\t<h2 class=\"elementor-heading-title elementor-size-default\">ROYAL SUN HOTEL video<\/h2>\t\t<\/div>\n\t\t\t\t<\/div>\n\t\t\t\t<div class=\"elementor-element elementor-element-1ab92c7 elementor-widget elementor-widget-text-editor\" data-id=\"1ab92c7\" data-element_type=\"widget\" data-widget_type=\"text-editor.default\">\n\t\t\t\t<div class=\"elementor-widget-container\">\n\t\t\t\t\t<div class=\"elementor-text-editor elementor-clearfix\"><p>Unvergessliche Erinnerungen erwarten Sie im Royal Sun Hotel.<\/p><\/div>\n\t\t\t\t<\/div>\n\t\t\t\t<\/div>\n\t\t\t\t\t\t<\/div>\n\t\t\t\t\t<\/div>\n\t\t<\/div>\n\t\t\t\t\t\t\t\t<\/div>\n\t\t\t\t\t<\/div>\n\t\t<\/section>\n\t\t\t\t<section class=\"elementor-section elementor-top-section elementor-element elementor-element-fe91c64 elementor-section-stretched elementor-section-full_width elementor-section-height-default elementor-section-height-default\" data-id=\"fe91c64\" data-element_type=\"section\" data-settings=\"{&quot;stretch_section&quot;:&quot;section-stretched&quot;}\">\n\t\t\t\t\t\t<div class=\"elementor-container elementor-column-gap-no\">\n\t\t\t\t\t\t\t<div class=\"elementor-row\">\n\t\t\t\t\t<div class=\"elementor-column elementor-col-100 elementor-top-column elementor-element elementor-element-f44a79f\" data-id=\"f44a79f\" data-element_type=\"column\">\n\t\t\t<div class=\"elementor-column-wrap elementor-element-populated\">\n\t\t\t\t\t\t\t<div class=\"elementor-widget-wrap\">\n\t\t\t\t\t\t<div class=\"elementor-element elementor-element-e08bb7e gallery-spacing-custom elementor-widget elementor-widget-image-gallery\" data-id=\"e08bb7e\" data-element_type=\"widget\" data-widget_type=\"image-gallery.default\">\n\t\t\t\t<div class=\"elementor-widget-container\">\n\t\t\t\t\t<div class=\"elementor-image-gallery\">\n\t\t\t<div class=\"gdlr-shortcode-wrapper\"><div class=\"gdlr-gallery-item gdlr-item\" ><div class=\"gallery-column four columns\"><div class=\"gallery-item\"><a href=\"https:\/\/royalsunhotel.com\/wp-content\/uploads\/2021\/01\/8.png\" data-fancybox-group=\"gdlr-gal-1\" data-rel=\"fancybox\" ><img loading=\"lazy\" src=\"https:\/\/royalsunhotel.com\/wp-content\/uploads\/2021\/01\/8-750x770.png\" alt=\"Pool\" width=\"750\" height=\"770\" \/><\/a><\/div><\/div><div class=\"gallery-column four columns\"><div class=\"gallery-item\"><a href=\"https:\/\/royalsunhotel.com\/wp-content\/uploads\/2021\/01\/10.png\" data-fancybox-group=\"gdlr-gal-1\" data-rel=\"fancybox\" ><img loading=\"lazy\" src=\"https:\/\/royalsunhotel.com\/wp-content\/uploads\/2021\/01\/10-750x770.png\" alt=\"Pool\" width=\"750\" height=\"770\" \/><\/a><\/div><\/div><div class=\"gallery-column four columns\"><div class=\"gallery-item\"><a href=\"https:\/\/royalsunhotel.com\/wp-content\/uploads\/2021\/01\/22.png\" data-fancybox-group=\"gdlr-gal-1\" data-rel=\"fancybox\" ><img loading=\"lazy\" src=\"https:\/\/royalsunhotel.com\/wp-content\/uploads\/2021\/01\/22-750x770.png\" alt=\"Pool\" width=\"750\" height=\"770\" \/><\/a><\/div><\/div><div class=\"clear\"><\/div><div class=\"gallery-column four columns\"><div class=\"gallery-item\"><a href=\"https:\/\/royalsunhotel.com\/wp-content\/uploads\/2021\/01\/24.png\" data-fancybox-group=\"gdlr-gal-1\" data-rel=\"fancybox\" ><img loading=\"lazy\" src=\"https:\/\/royalsunhotel.com\/wp-content\/uploads\/2021\/01\/24-750x770.png\" alt=\"Pool\" width=\"750\" height=\"770\" \/><\/a><\/div><\/div><div class=\"gallery-column four columns\"><div class=\"gallery-item\"><a href=\"https:\/\/royalsunhotel.com\/wp-content\/uploads\/2021\/01\/about-3-1.jpg\" data-fancybox-group=\"gdlr-gal-1\" data-rel=\"fancybox\" ><img loading=\"lazy\" src=\"https:\/\/royalsunhotel.com\/wp-content\/uploads\/2021\/01\/about-3-1-750x770.jpg\" alt=\"about 3\" width=\"750\" height=\"770\" \/><\/a><\/div><\/div><div class=\"gallery-column four columns\"><div class=\"gallery-item\"><a href=\"https:\/\/royalsunhotel.com\/wp-content\/uploads\/2021\/01\/23.png\" data-fancybox-group=\"gdlr-gal-1\" data-rel=\"fancybox\" ><img loading=\"lazy\" src=\"https:\/\/royalsunhotel.com\/wp-content\/uploads\/2021\/01\/23-750x770.png\" alt=\"Pool\" width=\"750\" height=\"770\" \/><\/a><\/div><\/div><div class=\"clear\"><\/div><div class=\"gallery-column four columns\"><div class=\"gallery-item\"><a href=\"https:\/\/royalsunhotel.com\/wp-content\/uploads\/2021\/01\/25.png\" data-fancybox-group=\"gdlr-gal-1\" data-rel=\"fancybox\" ><img loading=\"lazy\" src=\"https:\/\/royalsunhotel.com\/wp-content\/uploads\/2021\/01\/25-750x770.png\" alt=\"Pool\" width=\"750\" height=\"770\" \/><\/a><\/div><\/div><div class=\"gallery-column four columns\"><div class=\"gallery-item\"><a href=\"https:\/\/royalsunhotel.com\/wp-content\/uploads\/2021\/01\/7.png\" data-fancybox-group=\"gdlr-gal-1\" data-rel=\"fancybox\" ><img loading=\"lazy\" src=\"https:\/\/royalsunhotel.com\/wp-content\/uploads\/2021\/01\/7-750x770.png\" alt=\"Facilities\" width=\"750\" height=\"770\" \/><\/a><\/div><\/div><div class=\"gallery-column four columns\"><div class=\"gallery-item\"><a href=\"https:\/\/royalsunhotel.com\/wp-content\/uploads\/2021\/01\/9.png\" data-fancybox-group=\"gdlr-gal-1\" data-rel=\"fancybox\" ><img loading=\"lazy\" src=\"https:\/\/royalsunhotel.com\/wp-content\/uploads\/2021\/01\/9-750x770.png\" alt=\"Pool\" width=\"750\" height=\"770\" \/><\/a><\/div><\/div><div class=\"clear\"><\/div><div class=\"gallery-column four columns\"><div class=\"gallery-item\"><a href=\"https:\/\/royalsunhotel.com\/wp-content\/uploads\/2021\/01\/17.png\" data-fancybox-group=\"gdlr-gal-1\" data-rel=\"fancybox\" ><img loading=\"lazy\" src=\"https:\/\/royalsunhotel.com\/wp-content\/uploads\/2021\/01\/17-750x770.png\" alt=\"Pool\" width=\"750\" height=\"770\" \/><\/a><\/div><\/div><div class=\"gallery-column four columns\"><div class=\"gallery-item\"><a href=\"https:\/\/royalsunhotel.com\/wp-content\/uploads\/2021\/01\/about-4-1.jpg\" data-fancybox-group=\"gdlr-gal-1\" data-rel=\"fancybox\" ><img loading=\"lazy\" src=\"https:\/\/royalsunhotel.com\/wp-content\/uploads\/2021\/01\/about-4-1-750x770.jpg\" alt=\"about 4\" width=\"750\" height=\"770\" \/><\/a><\/div><\/div><div class=\"gallery-column four columns\"><div class=\"gallery-item\"><a href=\"https:\/\/royalsunhotel.com\/wp-content\/uploads\/2021\/01\/26.png\" data-fancybox-group=\"gdlr-gal-1\" data-rel=\"fancybox\" ><img loading=\"lazy\" src=\"https:\/\/royalsunhotel.com\/wp-content\/uploads\/2021\/01\/26-750x770.png\" alt=\"Rental Car\" width=\"750\" height=\"770\" \/><\/a><\/div><\/div><div class=\"clear\"><\/div><div class=\"gallery-column four columns\"><div class=\"gallery-item\"><a href=\"https:\/\/royalsunhotel.com\/wp-content\/uploads\/2025\/09\/11.png\" data-fancybox-group=\"gdlr-gal-1\" data-rel=\"fancybox\" ><img loading=\"lazy\" src=\"https:\/\/royalsunhotel.com\/wp-content\/uploads\/2025\/09\/11-750x770.png\" alt=\"\" width=\"750\" height=\"770\" \/><\/a><\/div><\/div><div class=\"gallery-column four columns\"><div class=\"gallery-item\"><a href=\"https:\/\/royalsunhotel.com\/wp-content\/uploads\/2025\/09\/10.png\" data-fancybox-group=\"gdlr-gal-1\" data-rel=\"fancybox\" ><img loading=\"lazy\" src=\"https:\/\/royalsunhotel.com\/wp-content\/uploads\/2025\/09\/10-750x770.png\" alt=\"\" width=\"750\" height=\"770\" \/><\/a><\/div><\/div><div class=\"gallery-column four columns\"><div class=\"gallery-item\"><a href=\"https:\/\/royalsunhotel.com\/wp-content\/uploads\/2021\/01\/royal-room-48-of-62-scaled.jpg\" data-fancybox-group=\"gdlr-gal-1\" data-rel=\"fancybox\" ><img loading=\"lazy\" src=\"https:\/\/royalsunhotel.com\/wp-content\/uploads\/2021\/01\/royal-room-48-of-62-750x770.jpg\" alt=\"\" width=\"750\" height=\"770\" \/><\/a><\/div><\/div><div class=\"clear\"><\/div><div class=\"gallery-column four columns\"><div class=\"gallery-item\"><a href=\"https:\/\/royalsunhotel.com\/wp-content\/uploads\/2021\/01\/about-13-1.jpg\" data-fancybox-group=\"gdlr-gal-1\" data-rel=\"fancybox\" ><img loading=\"lazy\" src=\"https:\/\/royalsunhotel.com\/wp-content\/uploads\/2021\/01\/about-13-1-750x770.jpg\" alt=\"about 13\" width=\"750\" height=\"770\" \/><\/a><\/div><\/div><div class=\"gallery-column four columns\"><div class=\"gallery-item\"><a href=\"https:\/\/royalsunhotel.com\/wp-content\/uploads\/2021\/01\/about-12-1.jpg\" data-fancybox-group=\"gdlr-gal-1\" data-rel=\"fancybox\" ><img loading=\"lazy\" src=\"https:\/\/royalsunhotel.com\/wp-content\/uploads\/2021\/01\/about-12-1-750x770.jpg\" alt=\"about 12\" width=\"750\" height=\"770\" \/><\/a><\/div><\/div><div class=\"gallery-column four columns\"><div class=\"gallery-item\"><a href=\"https:\/\/royalsunhotel.com\/wp-content\/uploads\/2021\/01\/21.png\" data-fancybox-group=\"gdlr-gal-1\" data-rel=\"fancybox\" ><img loading=\"lazy\" src=\"https:\/\/royalsunhotel.com\/wp-content\/uploads\/2021\/01\/21-750x770.png\" alt=\"Pool\" width=\"750\" height=\"770\" \/><\/a><\/div><\/div><div class=\"clear\"><\/div><\/div><\/div>\t\t<\/div>\n\t\t\t\t<\/div>\n\t\t\t\t<\/div>\n\t\t\t\t\t\t<\/div>\n\t\t\t\t\t<\/div>\n\t\t<\/div>\n\t\t\t\t\t\t\t\t<\/div>\n\t\t\t\t\t<\/div>\n\t\t<\/section>\n\t\t\t\t<section class=\"elementor-section elementor-top-section elementor-element elementor-element-71e6308 elementor-section-boxed elementor-section-height-default elementor-section-height-default\" data-id=\"71e6308\" data-element_type=\"section\">\n\t\t\t\t\t\t<div class=\"elementor-container elementor-column-gap-default\">\n\t\t\t\t\t\t\t<div class=\"elementor-row\">\n\t\t\t\t\t<div class=\"elementor-column elementor-col-100 elementor-top-column elementor-element elementor-element-47d7d94\" data-id=\"47d7d94\" data-element_type=\"column\">\n\t\t\t<div class=\"elementor-column-wrap elementor-element-populated\">\n\t\t\t\t\t\t\t<div class=\"elementor-widget-wrap\">\n\t\t\t\t\t\t<div class=\"elementor-element elementor-element-c51c4fe elementor-widget elementor-widget-html\" data-id=\"c51c4fe\" data-element_type=\"widget\" data-widget_type=\"html.default\">\n\t\t\t\t<div class=\"elementor-widget-container\">\n\t\t\t<script src=\"https:\/\/code.rateparity.com\/versions\/installer.min.js\" defer><\/script>\t\t<\/div>\n\t\t\t\t<\/div>\n\t\t\t\t\t\t<\/div>\n\t\t\t\t\t<\/div>\n\t\t<\/div>\n\t\t\t\t\t\t\t\t<\/div>\n\t\t\t\t\t<\/div>\n\t\t<\/section>\n\t\t\t\t\t\t<\/div>\n\t\t\t\t\t\t<\/div>\n\t\t\t\t\t<\/div>\n\t\t","protected":false},"excerpt":{"rendered":"<p>Beste Aussicht in Chania Entspannen Sie sich und genie\u00dfen Sie den besten Panoramablick auf Chania und das endlose blaue Meer. Top Level Service Wir sind bekannt f\u00fcr die griechische Gastfreundschaft, aber hier im Royal Sun behandeln wir unsere G\u00e4ste wie eine Familie. Location Nur 7&#8242; Minuten vom Stadtzentrum ohne kostenlosen Shuttlebus und 10&#8242; Minuten vom&#8230; <\/p>\n<div class=\"clear\"><\/div>\n<p><a href=\"https:\/\/royalsunhotel.com\/de\/about\/\" class=\"excerpt-read-more\">Continue Reading<i class=\"fa fa-long-arrow-right icon-long-arrow-right\"><\/i><\/a><\/p>\n","protected":false},"author":4,"featured_media":10493,"parent":0,"menu_order":0,"comment_status":"closed","ping_status":"closed","template":"","meta":{"om_disable_all_campaigns":false,"_monsterinsights_skip_tracking":false,"_monsterinsights_sitenote_active":false,"_monsterinsights_sitenote_note":"","_monsterinsights_sitenote_category":0},"aioseo_notices":[],"_links":{"self":[{"href":"https:\/\/royalsunhotel.com\/de\/wp-json\/wp\/v2\/pages\/10592"}],"collection":[{"href":"https:\/\/royalsunhotel.com\/de\/wp-json\/wp\/v2\/pages"}],"about":[{"href":"https:\/\/royalsunhotel.com\/de\/wp-json\/wp\/v2\/types\/page"}],"author":[{"embeddable":true,"href":"https:\/\/royalsunhotel.com\/de\/wp-json\/wp\/v2\/users\/4"}],"replies":[{"embeddable":true,"href":"https:\/\/royalsunhotel.com\/de\/wp-json\/wp\/v2\/comments?post=10592"}],"version-history":[{"count":10,"href":"https:\/\/royalsunhotel.com\/de\/wp-json\/wp\/v2\/pages\/10592\/revisions"}],"predecessor-version":[{"id":15253,"href":"https:\/\/royalsunhotel.com\/de\/wp-json\/wp\/v2\/pages\/10592\/revisions\/15253"}],"wp:featuredmedia":[{"embeddable":true,"href":"https:\/\/royalsunhotel.com\/de\/wp-json\/wp\/v2\/media\/10493"}],"wp:attachment":[{"href":"https:\/\/royalsunhotel.com\/de\/wp-json\/wp\/v2\/media?parent=10592"}],"curies":[{"name":"wp","href":"https:\/\/api.w.org\/{rel}","templated":true}]}}